{"id":15868,"date":"2025-01-30T04:59:57","date_gmt":"2025-01-30T03:59:57","guid":{"rendered":"https:\/\/biologon.at\/?page_id=15868"},"modified":"2025-01-30T05:17:54","modified_gmt":"2025-01-30T04:17:54","slug":"100-bio","status":"publish","type":"page","link":"https:\/\/biologon.at\/en\/100-bio\/","title":{"rendered":"100% Bio"},"content":{"rendered":"<p><strong>100% Bio<\/strong> \u2013 Seit der Gr\u00fcndung von Biologon setzen wir konsequent auf zertifizierte, biologisch angebaute Produkte. Unsere Philosophie beruht auf der \u00dcberzeugung, dass biologische Landwirtschaft nicht nur die Umwelt schont, sondern auch die h\u00f6chste Qualit\u00e4t f\u00fcr unsere Produkte garantiert.<\/p>\n<p>Wir arbeiten ausschlie\u00dflich mit Lieferanten zusammen, die den strengen Standards f\u00fcr biologische Landwirtschaft entsprechen. Diese Partnerschaften erm\u00f6glichen es uns, Rohstoffe in bester Qualit\u00e4t zu beziehen, die frei von synthetischen D\u00fcngemitteln, Pestiziden und Gentechnik sind.<\/p>\n<p>Dar\u00fcber hinaus f\u00f6rdern wir durch unseren konsequenten Fokus auf Bio-Produkte eine nachhaltige landwirtschaftliche Praxis, die den Boden und die Artenvielfalt sch\u00fctzt, den Wasserverbrauch reduziert und den CO\u2082-Aussto\u00df verringert. Jedes Produkt, das wir herstellen, entspricht diesen hohen Anforderungen und tr\u00e4gt so zu einer ges\u00fcnderen Welt bei.<\/p>\n<p>Mit unserem 100% Bio-Engagement m\u00f6chten wir nicht nur unseren Kunden die besten Produkte bieten, sondern auch einen positiven Einfluss auf unsere Umwelt und die Zukunft der Landwirtschaft aus\u00fcben.<\/p>\n<p>&nbsp;<\/p>\n","protected":false},"excerpt":{"rendered":"<p>100% Bio \u2013 Seit der Gr\u00fcndung von Biologon setzen wir konsequent auf zertifizierte, biologisch angebaute Produkte. Unsere Philosophie beruht auf der \u00dcberzeugung, dass biologische Landwirtschaft nicht nur die Umwelt schont, sondern auch die h\u00f6chste Qualit\u00e4t f\u00fcr unsere Produkte garantiert. Wir arbeiten ausschlie\u00dflich mit Lieferanten zusammen, die den strengen Standards f\u00fcr biologische Landwirtschaft entsprechen. Diese Partnerschaften [&hellip;]<\/p>\n","protected":false},"author":5,"featured_media":0,"parent":0,"menu_order":0,"comment_status":"closed","ping_status":"closed","template":"","meta":{"_monsterinsights_skip_tracking":false,"_monsterinsights_sitenote_active":false,"_monsterinsights_sitenote_note":"","_monsterinsights_sitenote_category":0,"footnotes":""},"class_list":["post-15868","page","type-page","status-publish","hentry"],"yoast_head":"<!-- This site is optimized with the Yoast SEO plugin v27.5 - https:\/\/yoast.com\/product\/yoast-seo-wordpress\/ -->\n<title>100% Bio - Biologon<\/title>\n<meta name=\"robots\" content=\"index, follow, max-snippet:-1, max-image-preview:large, max-video-preview:-1\" \/>\n<link rel=\"canonical\" href=\"https:\/\/biologon.at\/100-bio\/\" \/>\n<meta property=\"og:locale\" content=\"en_US\" \/>\n<meta property=\"og:type\" content=\"article\" \/>\n<meta property=\"og:title\" content=\"100% Bio - Biologon\" \/>\n<meta property=\"og:description\" content=\"100% Bio \u2013 Seit der Gr\u00fcndung von Biologon setzen wir konsequent auf zertifizierte, biologisch angebaute Produkte. Unsere Philosophie beruht auf der \u00dcberzeugung, dass biologische Landwirtschaft nicht nur die Umwelt schont, sondern auch die h\u00f6chste Qualit\u00e4t f\u00fcr unsere Produkte garantiert. Wir arbeiten ausschlie\u00dflich mit Lieferanten zusammen, die den strengen Standards f\u00fcr biologische Landwirtschaft entsprechen. Diese Partnerschaften [&hellip;]\" \/>\n<meta property=\"og:url\" content=\"https:\/\/biologon.at\/100-bio\/\" \/>\n<meta property=\"og:site_name\" content=\"Biologon\" \/>\n<meta property=\"article:modified_time\" content=\"2025-01-30T04:17:54+00:00\" \/>\n<meta name=\"twitter:card\" content=\"summary_large_image\" \/>\n<meta name=\"twitter:label1\" content=\"Est. reading time\" \/>\n\t<meta name=\"twitter:data1\" content=\"1 minute\" \/>\n<script type=\"application\/ld+json\" class=\"yoast-schema-graph\">{\"@context\":\"https:\\\/\\\/schema.org\",\"@graph\":[{\"@type\":\"WebPage\",\"@id\":\"https:\\\/\\\/biologon.at\\\/100-bio\\\/\",\"url\":\"https:\\\/\\\/biologon.at\\\/100-bio\\\/\",\"name\":\"100% Bio - Biologon\",\"isPartOf\":{\"@id\":\"https:\\\/\\\/biologon.at\\\/#website\"},\"datePublished\":\"2025-01-30T03:59:57+00:00\",\"dateModified\":\"2025-01-30T04:17:54+00:00\",\"breadcrumb\":{\"@id\":\"https:\\\/\\\/biologon.at\\\/100-bio\\\/#breadcrumb\"},\"inLanguage\":\"en-US\",\"potentialAction\":[{\"@type\":\"ReadAction\",\"target\":[\"https:\\\/\\\/biologon.at\\\/100-bio\\\/\"]}]},{\"@type\":\"BreadcrumbList\",\"@id\":\"https:\\\/\\\/biologon.at\\\/100-bio\\\/#breadcrumb\",\"itemListElement\":[{\"@type\":\"ListItem\",\"position\":1,\"name\":\"Startseite\",\"item\":\"https:\\\/\\\/biologon.at\\\/\"},{\"@type\":\"ListItem\",\"position\":2,\"name\":\"100% Bio\"}]},{\"@type\":\"WebSite\",\"@id\":\"https:\\\/\\\/biologon.at\\\/#website\",\"url\":\"https:\\\/\\\/biologon.at\\\/\",\"name\":\"Biologon\",\"description\":\"Biologische Proudkte\",\"potentialAction\":[{\"@type\":\"SearchAction\",\"target\":{\"@type\":\"EntryPoint\",\"urlTemplate\":\"https:\\\/\\\/biologon.at\\\/?s={search_term_string}\"},\"query-input\":{\"@type\":\"PropertyValueSpecification\",\"valueRequired\":true,\"valueName\":\"search_term_string\"}}],\"inLanguage\":\"en-US\"}]}<\/script>\n<!-- \/ Yoast SEO plugin. -->","yoast_head_json":{"title":"100% Bio - Biologon","robots":{"index":"index","follow":"follow","max-snippet":"max-snippet:-1","max-image-preview":"max-image-preview:large","max-video-preview":"max-video-preview:-1"},"canonical":"https:\/\/biologon.at\/100-bio\/","og_locale":"en_US","og_type":"article","og_title":"100% Bio - Biologon","og_description":"100% Bio \u2013 Seit der Gr\u00fcndung von Biologon setzen wir konsequent auf zertifizierte, biologisch angebaute Produkte. Unsere Philosophie beruht auf der \u00dcberzeugung, dass biologische Landwirtschaft nicht nur die Umwelt schont, sondern auch die h\u00f6chste Qualit\u00e4t f\u00fcr unsere Produkte garantiert. Wir arbeiten ausschlie\u00dflich mit Lieferanten zusammen, die den strengen Standards f\u00fcr biologische Landwirtschaft entsprechen. Diese Partnerschaften [&hellip;]","og_url":"https:\/\/biologon.at\/100-bio\/","og_site_name":"Biologon","article_modified_time":"2025-01-30T04:17:54+00:00","twitter_card":"summary_large_image","twitter_misc":{"Est. reading time":"1 minute"},"schema":{"@context":"https:\/\/schema.org","@graph":[{"@type":"WebPage","@id":"https:\/\/biologon.at\/100-bio\/","url":"https:\/\/biologon.at\/100-bio\/","name":"100% Bio - Biologon","isPartOf":{"@id":"https:\/\/biologon.at\/#website"},"datePublished":"2025-01-30T03:59:57+00:00","dateModified":"2025-01-30T04:17:54+00:00","breadcrumb":{"@id":"https:\/\/biologon.at\/100-bio\/#breadcrumb"},"inLanguage":"en-US","potentialAction":[{"@type":"ReadAction","target":["https:\/\/biologon.at\/100-bio\/"]}]},{"@type":"BreadcrumbList","@id":"https:\/\/biologon.at\/100-bio\/#breadcrumb","itemListElement":[{"@type":"ListItem","position":1,"name":"Startseite","item":"https:\/\/biologon.at\/"},{"@type":"ListItem","position":2,"name":"100% Bio"}]},{"@type":"WebSite","@id":"https:\/\/biologon.at\/#website","url":"https:\/\/biologon.at\/","name":"Biologon","description":"Biologische Proudkte","potentialAction":[{"@type":"SearchAction","target":{"@type":"EntryPoint","urlTemplate":"https:\/\/biologon.at\/?s={search_term_string}"},"query-input":{"@type":"PropertyValueSpecification","valueRequired":true,"valueName":"search_term_string"}}],"inLanguage":"en-US"}]}},"_links":{"self":[{"href":"https:\/\/biologon.at\/en\/wp-json\/wp\/v2\/pages\/15868","targetHints":{"allow":["GET"]}}],"collection":[{"href":"https:\/\/biologon.at\/en\/wp-json\/wp\/v2\/pages"}],"about":[{"href":"https:\/\/biologon.at\/en\/wp-json\/wp\/v2\/types\/page"}],"author":[{"embeddable":true,"href":"https:\/\/biologon.at\/en\/wp-json\/wp\/v2\/users\/5"}],"replies":[{"embeddable":true,"href":"https:\/\/biologon.at\/en\/wp-json\/wp\/v2\/comments?post=15868"}],"version-history":[{"count":3,"href":"https:\/\/biologon.at\/en\/wp-json\/wp\/v2\/pages\/15868\/revisions"}],"predecessor-version":[{"id":15908,"href":"https:\/\/biologon.at\/en\/wp-json\/wp\/v2\/pages\/15868\/revisions\/15908"}],"wp:attachment":[{"href":"https:\/\/biologon.at\/en\/wp-json\/wp\/v2\/media?parent=15868"}],"curies":[{"name":"wp","href":"https:\/\/api.w.org\/{rel}","templated":true}]}}