{"id":15873,"date":"2025-01-30T05:02:39","date_gmt":"2025-01-30T04:02:39","guid":{"rendered":"https:\/\/biologon.at\/?page_id=15873"},"modified":"2025-01-30T05:25:33","modified_gmt":"2025-01-30T04:25:33","slug":"social","status":"publish","type":"page","link":"https:\/\/biologon.at\/en\/social\/","title":{"rendered":"Social"},"content":{"rendered":"<p>Bei uns steht der Mensch im Mittelpunkt. Wir setzen uns daf\u00fcr ein, soziale Verantwortung in allen Bereichen unserer T\u00e4tigkeit zu \u00fcbernehmen. Unser Engagement zeigt sich in folgenden Aspekten:<\/p>\n<ol>\n<li style=\"list-style-type: none;\">\n<ol>\n<li><strong>Faire Arbeitsbedingungen entlang der gesamten Wertsch\u00f6pfungskette<br \/>\n<\/strong>Wir stehen f\u00fcr faire und sichere Arbeitsbedingungen \u2013 nicht nur f\u00fcr unsere eigenen Mitarbeiter, sondern auch f\u00fcr alle, die an der Herstellung und Lieferung unserer Produkte beteiligt sind. Durch langfristige Partnerschaften stellen wir sicher, dass internationale Arbeitsstandards eingehalten und menschenw\u00fcrdige Bedingungen geschaffen werden.<\/li>\n<li><strong>Unterst\u00fctzung lokaler Gemeinschaften und Partnerschaften mit nachhaltigen Produzenten<br \/>\n<\/strong>Wir arbeiten eng mit lokalen Gemeinschaften und kleinen Produzenten zusammen, um nachhaltige und sozial gerechte Wertsch\u00f6pfungsketten aufzubauen. Durch gezielte Investitionen f\u00f6rdern wir wirtschaftliche Entwicklung vor Ort und st\u00e4rken regionale Strukturen.<\/li>\n<li><strong>F\u00f6rderung von Diversit\u00e4t, Inklusion und sozialen Projekten<br \/>\n<\/strong>Vielfalt ist f\u00fcr uns ein wertvoller Bestandteil unserer Unternehmenskultur. Wir schaffen eine inklusive Arbeitsumgebung, in der Menschen unabh\u00e4ngig von Herkunft, Geschlecht, Alter oder Religion gleiche Chancen erhalten. Dar\u00fcber hinaus unterst\u00fctzen wir soziale Projekte, die Bildung, Chancengleichheit und gesellschaftlichen Zusammenhalt f\u00f6rdern.<\/li>\n<\/ol>\n<\/li>\n<\/ol>\n<p>Unser Ziel ist es, durch unsere sozialen Initiativen einen positiven Einfluss auf Menschen und Gemeinschaften zu haben. Biologon steht f\u00fcr ein verantwortungsbewusstes Miteinander und engagiert sich f\u00fcr eine gerechte und inklusive Welt.<\/p>\n<p>&nbsp;<\/p>\n","protected":false},"excerpt":{"rendered":"<p>Bei uns steht der Mensch im Mittelpunkt. Wir setzen uns daf\u00fcr ein, soziale Verantwortung in allen Bereichen unserer T\u00e4tigkeit zu \u00fcbernehmen. Unser Engagement zeigt sich in folgenden Aspekten: Faire Arbeitsbedingungen entlang der gesamten Wertsch\u00f6pfungskette Wir stehen f\u00fcr faire und sichere Arbeitsbedingungen \u2013 nicht nur f\u00fcr unsere eigenen Mitarbeiter, sondern auch f\u00fcr alle, die an der [&hellip;]<\/p>\n","protected":false},"author":5,"featured_media":0,"parent":0,"menu_order":0,"comment_status":"closed","ping_status":"closed","template":"","meta":{"_monsterinsights_skip_tracking":false,"_monsterinsights_sitenote_active":false,"_monsterinsights_sitenote_note":"","_monsterinsights_sitenote_category":0,"footnotes":""},"class_list":["post-15873","page","type-page","status-publish","hentry"],"yoast_head":"<!-- This site is optimized with the Yoast SEO plugin v27.5 - https:\/\/yoast.com\/product\/yoast-seo-wordpress\/ -->\n<title>Social - Biologon<\/title>\n<meta name=\"robots\" content=\"index, follow, max-snippet:-1, max-image-preview:large, max-video-preview:-1\" \/>\n<link rel=\"canonical\" href=\"https:\/\/biologon.at\/social\/\" \/>\n<meta property=\"og:locale\" content=\"en_US\" \/>\n<meta property=\"og:type\" content=\"article\" \/>\n<meta property=\"og:title\" content=\"Social - Biologon\" \/>\n<meta property=\"og:description\" content=\"Bei uns steht der Mensch im Mittelpunkt. Wir setzen uns daf\u00fcr ein, soziale Verantwortung in allen Bereichen unserer T\u00e4tigkeit zu \u00fcbernehmen. Unser Engagement zeigt sich in folgenden Aspekten: Faire Arbeitsbedingungen entlang der gesamten Wertsch\u00f6pfungskette Wir stehen f\u00fcr faire und sichere Arbeitsbedingungen \u2013 nicht nur f\u00fcr unsere eigenen Mitarbeiter, sondern auch f\u00fcr alle, die an der [&hellip;]\" \/>\n<meta property=\"og:url\" content=\"https:\/\/biologon.at\/social\/\" \/>\n<meta property=\"og:site_name\" content=\"Biologon\" \/>\n<meta property=\"article:modified_time\" content=\"2025-01-30T04:25:33+00:00\" \/>\n<meta name=\"twitter:card\" content=\"summary_large_image\" \/>\n<meta name=\"twitter:label1\" content=\"Est. reading time\" \/>\n\t<meta name=\"twitter:data1\" content=\"2 minutes\" \/>\n<script type=\"application\/ld+json\" class=\"yoast-schema-graph\">{\"@context\":\"https:\\\/\\\/schema.org\",\"@graph\":[{\"@type\":\"WebPage\",\"@id\":\"https:\\\/\\\/biologon.at\\\/social\\\/\",\"url\":\"https:\\\/\\\/biologon.at\\\/social\\\/\",\"name\":\"Social - Biologon\",\"isPartOf\":{\"@id\":\"https:\\\/\\\/biologon.at\\\/#website\"},\"datePublished\":\"2025-01-30T04:02:39+00:00\",\"dateModified\":\"2025-01-30T04:25:33+00:00\",\"breadcrumb\":{\"@id\":\"https:\\\/\\\/biologon.at\\\/social\\\/#breadcrumb\"},\"inLanguage\":\"en-US\",\"potentialAction\":[{\"@type\":\"ReadAction\",\"target\":[\"https:\\\/\\\/biologon.at\\\/social\\\/\"]}]},{\"@type\":\"BreadcrumbList\",\"@id\":\"https:\\\/\\\/biologon.at\\\/social\\\/#breadcrumb\",\"itemListElement\":[{\"@type\":\"ListItem\",\"position\":1,\"name\":\"Startseite\",\"item\":\"https:\\\/\\\/biologon.at\\\/\"},{\"@type\":\"ListItem\",\"position\":2,\"name\":\"Social\"}]},{\"@type\":\"WebSite\",\"@id\":\"https:\\\/\\\/biologon.at\\\/#website\",\"url\":\"https:\\\/\\\/biologon.at\\\/\",\"name\":\"Biologon\",\"description\":\"Biologische Proudkte\",\"potentialAction\":[{\"@type\":\"SearchAction\",\"target\":{\"@type\":\"EntryPoint\",\"urlTemplate\":\"https:\\\/\\\/biologon.at\\\/?s={search_term_string}\"},\"query-input\":{\"@type\":\"PropertyValueSpecification\",\"valueRequired\":true,\"valueName\":\"search_term_string\"}}],\"inLanguage\":\"en-US\"}]}<\/script>\n<!-- \/ Yoast SEO plugin. -->","yoast_head_json":{"title":"Social - Biologon","robots":{"index":"index","follow":"follow","max-snippet":"max-snippet:-1","max-image-preview":"max-image-preview:large","max-video-preview":"max-video-preview:-1"},"canonical":"https:\/\/biologon.at\/social\/","og_locale":"en_US","og_type":"article","og_title":"Social - Biologon","og_description":"Bei uns steht der Mensch im Mittelpunkt. Wir setzen uns daf\u00fcr ein, soziale Verantwortung in allen Bereichen unserer T\u00e4tigkeit zu \u00fcbernehmen. Unser Engagement zeigt sich in folgenden Aspekten: Faire Arbeitsbedingungen entlang der gesamten Wertsch\u00f6pfungskette Wir stehen f\u00fcr faire und sichere Arbeitsbedingungen \u2013 nicht nur f\u00fcr unsere eigenen Mitarbeiter, sondern auch f\u00fcr alle, die an der [&hellip;]","og_url":"https:\/\/biologon.at\/social\/","og_site_name":"Biologon","article_modified_time":"2025-01-30T04:25:33+00:00","twitter_card":"summary_large_image","twitter_misc":{"Est. reading time":"2 minutes"},"schema":{"@context":"https:\/\/schema.org","@graph":[{"@type":"WebPage","@id":"https:\/\/biologon.at\/social\/","url":"https:\/\/biologon.at\/social\/","name":"Social - Biologon","isPartOf":{"@id":"https:\/\/biologon.at\/#website"},"datePublished":"2025-01-30T04:02:39+00:00","dateModified":"2025-01-30T04:25:33+00:00","breadcrumb":{"@id":"https:\/\/biologon.at\/social\/#breadcrumb"},"inLanguage":"en-US","potentialAction":[{"@type":"ReadAction","target":["https:\/\/biologon.at\/social\/"]}]},{"@type":"BreadcrumbList","@id":"https:\/\/biologon.at\/social\/#breadcrumb","itemListElement":[{"@type":"ListItem","position":1,"name":"Startseite","item":"https:\/\/biologon.at\/"},{"@type":"ListItem","position":2,"name":"Social"}]},{"@type":"WebSite","@id":"https:\/\/biologon.at\/#website","url":"https:\/\/biologon.at\/","name":"Biologon","description":"Biologische Proudkte","potentialAction":[{"@type":"SearchAction","target":{"@type":"EntryPoint","urlTemplate":"https:\/\/biologon.at\/?s={search_term_string}"},"query-input":{"@type":"PropertyValueSpecification","valueRequired":true,"valueName":"search_term_string"}}],"inLanguage":"en-US"}]}},"_links":{"self":[{"href":"https:\/\/biologon.at\/en\/wp-json\/wp\/v2\/pages\/15873","targetHints":{"allow":["GET"]}}],"collection":[{"href":"https:\/\/biologon.at\/en\/wp-json\/wp\/v2\/pages"}],"about":[{"href":"https:\/\/biologon.at\/en\/wp-json\/wp\/v2\/types\/page"}],"author":[{"embeddable":true,"href":"https:\/\/biologon.at\/en\/wp-json\/wp\/v2\/users\/5"}],"replies":[{"embeddable":true,"href":"https:\/\/biologon.at\/en\/wp-json\/wp\/v2\/comments?post=15873"}],"version-history":[{"count":2,"href":"https:\/\/biologon.at\/en\/wp-json\/wp\/v2\/pages\/15873\/revisions"}],"predecessor-version":[{"id":15922,"href":"https:\/\/biologon.at\/en\/wp-json\/wp\/v2\/pages\/15873\/revisions\/15922"}],"wp:attachment":[{"href":"https:\/\/biologon.at\/en\/wp-json\/wp\/v2\/media?parent=15873"}],"curies":[{"name":"wp","href":"https:\/\/api.w.org\/{rel}","templated":true}]}}