{"id":15875,"date":"2025-01-30T05:03:51","date_gmt":"2025-01-30T04:03:51","guid":{"rendered":"https:\/\/biologon.at\/?page_id=15875"},"modified":"2025-01-30T05:18:11","modified_gmt":"2025-01-30T04:18:11","slug":"environmental","status":"publish","type":"page","link":"https:\/\/biologon.at\/en\/environmental\/","title":{"rendered":"Environmental"},"content":{"rendered":"<p>Wir setzen uns aktiv f\u00fcr den Schutz unserer Umwelt und den Erhalt nat\u00fcrlicher Ressourcen ein. Unser Engagement basiert auf drei zentralen S\u00e4ulen:<\/p>\n<ol>\n<li><strong>F\u00f6rderung biologischer und umweltfreundlicher Produkte<br \/>\n<\/strong>Wir entwickeln und vertreiben Produkte, die auf biologischen Rohstoffen basieren und h\u00f6chsten Umweltstandards entsprechen. Durch die Verwendung nat\u00fcrlicher Inhaltsstoffe und nachhaltiger Materialien tragen wir dazu bei, die Belastung f\u00fcr unseren Planeten zu minimieren.<\/li>\n<li><strong>Einsatz ressourcenschonender Produktionsmethoden<br \/>\n<\/strong>Unsere Produktionsprozesse sind darauf ausgelegt, so effizient wie m\u00f6glich mit Ressourcen wie Wasser, Energie und Rohstoffen umzugehen. Wir investieren kontinuierlich in innovative Technologien, um Abf\u00e4lle zu reduzieren und den Materialverbrauch zu optimieren.<\/li>\n<li><strong>Minimierung unseres CO\u2082-Fu\u00dfabdrucks<br \/>\n<\/strong>Wir setzen auf energieeffiziente Produktionsanlagen, arbeiten mit regionalen Partnern zusammen und verk\u00fcrzen Lieferwege. So reduzieren wir nicht nur unseren CO\u2082-Aussto\u00df, sondern st\u00e4rken gleichzeitig die lokale Wirtschaft und f\u00f6rdern nachhaltige Lieferketten.<\/li>\n<\/ol>\n<p>Durch diese Ma\u00dfnahmen leisten wir einen aktiven Beitrag zum Klimaschutz und zu einer lebenswerten Zukunft f\u00fcr kommende Generationen. Unser Ziel ist es, eine Vorreiterrolle in der nachhaltigen Produktentwicklung einzunehmen und Umweltbewusstsein in allen Bereichen unseres Unternehmens zu f\u00f6rdern.<\/p>\n<p>&nbsp;<\/p>\n","protected":false},"excerpt":{"rendered":"<p>Wir setzen uns aktiv f\u00fcr den Schutz unserer Umwelt und den Erhalt nat\u00fcrlicher Ressourcen ein. Unser Engagement basiert auf drei zentralen S\u00e4ulen: F\u00f6rderung biologischer und umweltfreundlicher Produkte Wir entwickeln und vertreiben Produkte, die auf biologischen Rohstoffen basieren und h\u00f6chsten Umweltstandards entsprechen. Durch die Verwendung nat\u00fcrlicher Inhaltsstoffe und nachhaltiger Materialien tragen wir dazu bei, die Belastung [&hellip;]<\/p>\n","protected":false},"author":5,"featured_media":0,"parent":0,"menu_order":0,"comment_status":"closed","ping_status":"closed","template":"","meta":{"_monsterinsights_skip_tracking":false,"_monsterinsights_sitenote_active":false,"_monsterinsights_sitenote_note":"","_monsterinsights_sitenote_category":0,"footnotes":""},"class_list":["post-15875","page","type-page","status-publish","hentry"],"yoast_head":"<!-- This site is optimized with the Yoast SEO plugin v27.5 - https:\/\/yoast.com\/product\/yoast-seo-wordpress\/ -->\n<title>Environmental - Biologon<\/title>\n<meta name=\"robots\" content=\"index, follow, max-snippet:-1, max-image-preview:large, max-video-preview:-1\" \/>\n<link rel=\"canonical\" href=\"https:\/\/biologon.at\/environmental\/\" \/>\n<meta property=\"og:locale\" content=\"en_US\" \/>\n<meta property=\"og:type\" content=\"article\" \/>\n<meta property=\"og:title\" content=\"Environmental - Biologon\" \/>\n<meta property=\"og:description\" content=\"Wir setzen uns aktiv f\u00fcr den Schutz unserer Umwelt und den Erhalt nat\u00fcrlicher Ressourcen ein. Unser Engagement basiert auf drei zentralen S\u00e4ulen: F\u00f6rderung biologischer und umweltfreundlicher Produkte Wir entwickeln und vertreiben Produkte, die auf biologischen Rohstoffen basieren und h\u00f6chsten Umweltstandards entsprechen. Durch die Verwendung nat\u00fcrlicher Inhaltsstoffe und nachhaltiger Materialien tragen wir dazu bei, die Belastung [&hellip;]\" \/>\n<meta property=\"og:url\" content=\"https:\/\/biologon.at\/environmental\/\" \/>\n<meta property=\"og:site_name\" content=\"Biologon\" \/>\n<meta property=\"article:modified_time\" content=\"2025-01-30T04:18:11+00:00\" \/>\n<meta name=\"twitter:card\" content=\"summary_large_image\" \/>\n<meta name=\"twitter:label1\" content=\"Est. reading time\" \/>\n\t<meta name=\"twitter:data1\" content=\"1 minute\" \/>\n<script type=\"application\/ld+json\" class=\"yoast-schema-graph\">{\"@context\":\"https:\\\/\\\/schema.org\",\"@graph\":[{\"@type\":\"WebPage\",\"@id\":\"https:\\\/\\\/biologon.at\\\/environmental\\\/\",\"url\":\"https:\\\/\\\/biologon.at\\\/environmental\\\/\",\"name\":\"Environmental - Biologon\",\"isPartOf\":{\"@id\":\"https:\\\/\\\/biologon.at\\\/#website\"},\"datePublished\":\"2025-01-30T04:03:51+00:00\",\"dateModified\":\"2025-01-30T04:18:11+00:00\",\"breadcrumb\":{\"@id\":\"https:\\\/\\\/biologon.at\\\/environmental\\\/#breadcrumb\"},\"inLanguage\":\"en-US\",\"potentialAction\":[{\"@type\":\"ReadAction\",\"target\":[\"https:\\\/\\\/biologon.at\\\/environmental\\\/\"]}]},{\"@type\":\"BreadcrumbList\",\"@id\":\"https:\\\/\\\/biologon.at\\\/environmental\\\/#breadcrumb\",\"itemListElement\":[{\"@type\":\"ListItem\",\"position\":1,\"name\":\"Startseite\",\"item\":\"https:\\\/\\\/biologon.at\\\/\"},{\"@type\":\"ListItem\",\"position\":2,\"name\":\"Environmental\"}]},{\"@type\":\"WebSite\",\"@id\":\"https:\\\/\\\/biologon.at\\\/#website\",\"url\":\"https:\\\/\\\/biologon.at\\\/\",\"name\":\"Biologon\",\"description\":\"Biologische Proudkte\",\"potentialAction\":[{\"@type\":\"SearchAction\",\"target\":{\"@type\":\"EntryPoint\",\"urlTemplate\":\"https:\\\/\\\/biologon.at\\\/?s={search_term_string}\"},\"query-input\":{\"@type\":\"PropertyValueSpecification\",\"valueRequired\":true,\"valueName\":\"search_term_string\"}}],\"inLanguage\":\"en-US\"}]}<\/script>\n<!-- \/ Yoast SEO plugin. -->","yoast_head_json":{"title":"Environmental - Biologon","robots":{"index":"index","follow":"follow","max-snippet":"max-snippet:-1","max-image-preview":"max-image-preview:large","max-video-preview":"max-video-preview:-1"},"canonical":"https:\/\/biologon.at\/environmental\/","og_locale":"en_US","og_type":"article","og_title":"Environmental - Biologon","og_description":"Wir setzen uns aktiv f\u00fcr den Schutz unserer Umwelt und den Erhalt nat\u00fcrlicher Ressourcen ein. Unser Engagement basiert auf drei zentralen S\u00e4ulen: F\u00f6rderung biologischer und umweltfreundlicher Produkte Wir entwickeln und vertreiben Produkte, die auf biologischen Rohstoffen basieren und h\u00f6chsten Umweltstandards entsprechen. Durch die Verwendung nat\u00fcrlicher Inhaltsstoffe und nachhaltiger Materialien tragen wir dazu bei, die Belastung [&hellip;]","og_url":"https:\/\/biologon.at\/environmental\/","og_site_name":"Biologon","article_modified_time":"2025-01-30T04:18:11+00:00","twitter_card":"summary_large_image","twitter_misc":{"Est. reading time":"1 minute"},"schema":{"@context":"https:\/\/schema.org","@graph":[{"@type":"WebPage","@id":"https:\/\/biologon.at\/environmental\/","url":"https:\/\/biologon.at\/environmental\/","name":"Environmental - Biologon","isPartOf":{"@id":"https:\/\/biologon.at\/#website"},"datePublished":"2025-01-30T04:03:51+00:00","dateModified":"2025-01-30T04:18:11+00:00","breadcrumb":{"@id":"https:\/\/biologon.at\/environmental\/#breadcrumb"},"inLanguage":"en-US","potentialAction":[{"@type":"ReadAction","target":["https:\/\/biologon.at\/environmental\/"]}]},{"@type":"BreadcrumbList","@id":"https:\/\/biologon.at\/environmental\/#breadcrumb","itemListElement":[{"@type":"ListItem","position":1,"name":"Startseite","item":"https:\/\/biologon.at\/"},{"@type":"ListItem","position":2,"name":"Environmental"}]},{"@type":"WebSite","@id":"https:\/\/biologon.at\/#website","url":"https:\/\/biologon.at\/","name":"Biologon","description":"Biologische Proudkte","potentialAction":[{"@type":"SearchAction","target":{"@type":"EntryPoint","urlTemplate":"https:\/\/biologon.at\/?s={search_term_string}"},"query-input":{"@type":"PropertyValueSpecification","valueRequired":true,"valueName":"search_term_string"}}],"inLanguage":"en-US"}]}},"_links":{"self":[{"href":"https:\/\/biologon.at\/en\/wp-json\/wp\/v2\/pages\/15875","targetHints":{"allow":["GET"]}}],"collection":[{"href":"https:\/\/biologon.at\/en\/wp-json\/wp\/v2\/pages"}],"about":[{"href":"https:\/\/biologon.at\/en\/wp-json\/wp\/v2\/types\/page"}],"author":[{"embeddable":true,"href":"https:\/\/biologon.at\/en\/wp-json\/wp\/v2\/users\/5"}],"replies":[{"embeddable":true,"href":"https:\/\/biologon.at\/en\/wp-json\/wp\/v2\/comments?post=15875"}],"version-history":[{"count":2,"href":"https:\/\/biologon.at\/en\/wp-json\/wp\/v2\/pages\/15875\/revisions"}],"predecessor-version":[{"id":15909,"href":"https:\/\/biologon.at\/en\/wp-json\/wp\/v2\/pages\/15875\/revisions\/15909"}],"wp:attachment":[{"href":"https:\/\/biologon.at\/en\/wp-json\/wp\/v2\/media?parent=15875"}],"curies":[{"name":"wp","href":"https:\/\/api.w.org\/{rel}","templated":true}]}}