{"id":15879,"date":"2025-01-30T05:05:40","date_gmt":"2025-01-30T04:05:40","guid":{"rendered":"https:\/\/biologon.at\/?page_id=15879"},"modified":"2025-01-30T05:05:40","modified_gmt":"2025-01-30T04:05:40","slug":"nachhaltiges-bauen-und-flaechennutzung","status":"publish","type":"page","link":"https:\/\/biologon.at\/en\/nachhaltiges-bauen-und-flaechennutzung\/","title":{"rendered":"Nachhaltiges Bauen und Fl\u00e4chennutzung"},"content":{"rendered":"<p>Nachhaltigkeit endet f\u00fcr uns nicht bei der Produktentwicklung \u2013 sie beginnt bereits bei der Gestaltung unserer Arbeitsumgebung und der Nutzung von Fl\u00e4chen.<\/p>\n<p><strong>Neues Geb\u00e4ude nach umweltfreundlichen Standards<\/strong><\/p>\n<p>Unser neues Firmengeb\u00e4ude (2020) wurde nach modernen, nachhaltigen Bauprinzipien errichtet. Dabei legten wir besonderen Wert auf energieeffiziente Technologien, um den Energiebedarf zu minimieren und ein gesundes Arbeitsumfeld zu f\u00f6rdern.<\/p>\n<p>In unserer Produktion setzen wir zudem auf eine besondere Beleuchtung, die den biologischen Rhythmus des Menschen simuliert. Dies f\u00f6rdert die Erholung unserer Mitarbeitenden nach der Arbeitszeit und unterst\u00fctzt eine schnelle Regeneration.<\/p>\n<p><strong>Renaturierung und F\u00f6rderung der Artenvielfalt<\/strong><\/p>\n<p>Im Einklang mit unserem Engagement f\u00fcr die Umwelt revitalisieren wir ungenutzte Fl\u00e4chen rund um unser Firmengel\u00e4nde. Durch gezielte Renaturierungsma\u00dfnahmen schaffen wir neue Lebensr\u00e4ume f\u00fcr heimische Pflanzen- und Tierarten. Dies f\u00f6rdert nicht nur die Biodiversit\u00e4t, sondern tr\u00e4gt auch dazu bei, unser Gel\u00e4nde \u00f6kologisch wertvoller zu gestalten.<\/p>\n","protected":false},"excerpt":{"rendered":"<p>Nachhaltigkeit endet f\u00fcr uns nicht bei der Produktentwicklung \u2013 sie beginnt bereits bei der Gestaltung unserer Arbeitsumgebung und der Nutzung von Fl\u00e4chen. Neues Geb\u00e4ude nach umweltfreundlichen Standards Unser neues Firmengeb\u00e4ude (2020) wurde nach modernen, nachhaltigen Bauprinzipien errichtet. Dabei legten wir besonderen Wert auf energieeffiziente Technologien, um den Energiebedarf zu minimieren und ein gesundes Arbeitsumfeld zu [&hellip;]<\/p>\n","protected":false},"author":5,"featured_media":0,"parent":0,"menu_order":0,"comment_status":"closed","ping_status":"closed","template":"","meta":{"_monsterinsights_skip_tracking":false,"_monsterinsights_sitenote_active":false,"_monsterinsights_sitenote_note":"","_monsterinsights_sitenote_category":0,"footnotes":""},"class_list":["post-15879","page","type-page","status-publish","hentry"],"yoast_head":"<!-- This site is optimized with the Yoast SEO plugin v26.8 - https:\/\/yoast.com\/product\/yoast-seo-wordpress\/ -->\n<title>Nachhaltiges Bauen und Fl\u00e4chennutzung - Biologon<\/title>\n<meta name=\"robots\" content=\"index, follow, max-snippet:-1, max-image-preview:large, max-video-preview:-1\" \/>\n<link rel=\"canonical\" href=\"https:\/\/biologon.at\/nachhaltiges-bauen-und-flaechennutzung\/\" \/>\n<meta property=\"og:locale\" content=\"en_US\" \/>\n<meta property=\"og:type\" content=\"article\" \/>\n<meta property=\"og:title\" content=\"Nachhaltiges Bauen und Fl\u00e4chennutzung - Biologon\" \/>\n<meta property=\"og:description\" content=\"Nachhaltigkeit endet f\u00fcr uns nicht bei der Produktentwicklung \u2013 sie beginnt bereits bei der Gestaltung unserer Arbeitsumgebung und der Nutzung von Fl\u00e4chen. Neues Geb\u00e4ude nach umweltfreundlichen Standards Unser neues Firmengeb\u00e4ude (2020) wurde nach modernen, nachhaltigen Bauprinzipien errichtet. Dabei legten wir besonderen Wert auf energieeffiziente Technologien, um den Energiebedarf zu minimieren und ein gesundes Arbeitsumfeld zu [&hellip;]\" \/>\n<meta property=\"og:url\" content=\"https:\/\/biologon.at\/nachhaltiges-bauen-und-flaechennutzung\/\" \/>\n<meta property=\"og:site_name\" content=\"Biologon\" \/>\n<meta name=\"twitter:card\" content=\"summary_large_image\" \/>\n<meta name=\"twitter:label1\" content=\"Est. reading time\" \/>\n\t<meta name=\"twitter:data1\" content=\"1 minute\" \/>\n<script type=\"application\/ld+json\" class=\"yoast-schema-graph\">{\"@context\":\"https:\/\/schema.org\",\"@graph\":[{\"@type\":\"WebPage\",\"@id\":\"https:\/\/biologon.at\/nachhaltiges-bauen-und-flaechennutzung\/\",\"url\":\"https:\/\/biologon.at\/nachhaltiges-bauen-und-flaechennutzung\/\",\"name\":\"Nachhaltiges Bauen und Fl\u00e4chennutzung - Biologon\",\"isPartOf\":{\"@id\":\"https:\/\/biologon.at\/#website\"},\"datePublished\":\"2025-01-30T04:05:40+00:00\",\"breadcrumb\":{\"@id\":\"https:\/\/biologon.at\/nachhaltiges-bauen-und-flaechennutzung\/#breadcrumb\"},\"inLanguage\":\"en-US\",\"potentialAction\":[{\"@type\":\"ReadAction\",\"target\":[\"https:\/\/biologon.at\/nachhaltiges-bauen-und-flaechennutzung\/\"]}]},{\"@type\":\"BreadcrumbList\",\"@id\":\"https:\/\/biologon.at\/nachhaltiges-bauen-und-flaechennutzung\/#breadcrumb\",\"itemListElement\":[{\"@type\":\"ListItem\",\"position\":1,\"name\":\"Startseite\",\"item\":\"https:\/\/biologon.at\/\"},{\"@type\":\"ListItem\",\"position\":2,\"name\":\"Nachhaltiges Bauen und Fl\u00e4chennutzung\"}]},{\"@type\":\"WebSite\",\"@id\":\"https:\/\/biologon.at\/#website\",\"url\":\"https:\/\/biologon.at\/\",\"name\":\"Biologon\",\"description\":\"Biologische Proudkte\",\"potentialAction\":[{\"@type\":\"SearchAction\",\"target\":{\"@type\":\"EntryPoint\",\"urlTemplate\":\"https:\/\/biologon.at\/?s={search_term_string}\"},\"query-input\":{\"@type\":\"PropertyValueSpecification\",\"valueRequired\":true,\"valueName\":\"search_term_string\"}}],\"inLanguage\":\"en-US\"}]}<\/script>\n<!-- \/ Yoast SEO plugin. -->","yoast_head_json":{"title":"Nachhaltiges Bauen und Fl\u00e4chennutzung - Biologon","robots":{"index":"index","follow":"follow","max-snippet":"max-snippet:-1","max-image-preview":"max-image-preview:large","max-video-preview":"max-video-preview:-1"},"canonical":"https:\/\/biologon.at\/nachhaltiges-bauen-und-flaechennutzung\/","og_locale":"en_US","og_type":"article","og_title":"Nachhaltiges Bauen und Fl\u00e4chennutzung - Biologon","og_description":"Nachhaltigkeit endet f\u00fcr uns nicht bei der Produktentwicklung \u2013 sie beginnt bereits bei der Gestaltung unserer Arbeitsumgebung und der Nutzung von Fl\u00e4chen. Neues Geb\u00e4ude nach umweltfreundlichen Standards Unser neues Firmengeb\u00e4ude (2020) wurde nach modernen, nachhaltigen Bauprinzipien errichtet. Dabei legten wir besonderen Wert auf energieeffiziente Technologien, um den Energiebedarf zu minimieren und ein gesundes Arbeitsumfeld zu [&hellip;]","og_url":"https:\/\/biologon.at\/nachhaltiges-bauen-und-flaechennutzung\/","og_site_name":"Biologon","twitter_card":"summary_large_image","twitter_misc":{"Est. reading time":"1 minute"},"schema":{"@context":"https:\/\/schema.org","@graph":[{"@type":"WebPage","@id":"https:\/\/biologon.at\/nachhaltiges-bauen-und-flaechennutzung\/","url":"https:\/\/biologon.at\/nachhaltiges-bauen-und-flaechennutzung\/","name":"Nachhaltiges Bauen und Fl\u00e4chennutzung - Biologon","isPartOf":{"@id":"https:\/\/biologon.at\/#website"},"datePublished":"2025-01-30T04:05:40+00:00","breadcrumb":{"@id":"https:\/\/biologon.at\/nachhaltiges-bauen-und-flaechennutzung\/#breadcrumb"},"inLanguage":"en-US","potentialAction":[{"@type":"ReadAction","target":["https:\/\/biologon.at\/nachhaltiges-bauen-und-flaechennutzung\/"]}]},{"@type":"BreadcrumbList","@id":"https:\/\/biologon.at\/nachhaltiges-bauen-und-flaechennutzung\/#breadcrumb","itemListElement":[{"@type":"ListItem","position":1,"name":"Startseite","item":"https:\/\/biologon.at\/"},{"@type":"ListItem","position":2,"name":"Nachhaltiges Bauen und Fl\u00e4chennutzung"}]},{"@type":"WebSite","@id":"https:\/\/biologon.at\/#website","url":"https:\/\/biologon.at\/","name":"Biologon","description":"Biologische Proudkte","potentialAction":[{"@type":"SearchAction","target":{"@type":"EntryPoint","urlTemplate":"https:\/\/biologon.at\/?s={search_term_string}"},"query-input":{"@type":"PropertyValueSpecification","valueRequired":true,"valueName":"search_term_string"}}],"inLanguage":"en-US"}]}},"_links":{"self":[{"href":"https:\/\/biologon.at\/en\/wp-json\/wp\/v2\/pages\/15879","targetHints":{"allow":["GET"]}}],"collection":[{"href":"https:\/\/biologon.at\/en\/wp-json\/wp\/v2\/pages"}],"about":[{"href":"https:\/\/biologon.at\/en\/wp-json\/wp\/v2\/types\/page"}],"author":[{"embeddable":true,"href":"https:\/\/biologon.at\/en\/wp-json\/wp\/v2\/users\/5"}],"replies":[{"embeddable":true,"href":"https:\/\/biologon.at\/en\/wp-json\/wp\/v2\/comments?post=15879"}],"version-history":[{"count":1,"href":"https:\/\/biologon.at\/en\/wp-json\/wp\/v2\/pages\/15879\/revisions"}],"predecessor-version":[{"id":15880,"href":"https:\/\/biologon.at\/en\/wp-json\/wp\/v2\/pages\/15879\/revisions\/15880"}],"wp:attachment":[{"href":"https:\/\/biologon.at\/en\/wp-json\/wp\/v2\/media?parent=15879"}],"curies":[{"name":"wp","href":"https:\/\/api.w.org\/{rel}","templated":true}]}}