{"id":15881,"date":"2025-01-30T05:06:35","date_gmt":"2025-01-30T04:06:35","guid":{"rendered":"https:\/\/biologon.at\/?page_id=15881"},"modified":"2025-01-30T05:08:54","modified_gmt":"2025-01-30T04:08:54","slug":"nachhaltige-mobilitaet","status":"publish","type":"page","link":"https:\/\/biologon.at\/en\/nachhaltige-mobilitaet\/","title":{"rendered":"Nachhaltige Mobilit\u00e4t"},"content":{"rendered":"<p>Mobilit\u00e4t ist ein wichtiger Bestandteil unserer Nachhaltigkeitsstrategie. Um unseren \u00f6kologischen Fu\u00dfabdruck zu reduzieren und einen positiven Beitrag zum Klimaschutz zu leisten, verfolgen wir eine klare Ausrichtung auf umweltfreundliche Transportl\u00f6sungen.<\/p>\n<ol>\n<li><strong>Elektrischer Fuhrpark<br \/>\n<\/strong>Bereits heute besteht 78% unserer Fahrzeugflotte aus Elektrofahrzeugen, die mit gr\u00fcnem Strom betrieben werden. Durch den Einsatz von Elektromobilit\u00e4t in unserem Fuhrpark tragen wir aktiv zur Reduzierung der Emissionen und zur Schonung fossiler Ressourcen bei. Dies ist ein wesentlicher Bestandteil unseres Engagements f\u00fcr eine nachhaltige Zukunft.<\/li>\n<li><strong>Intermodal (wenn m\u00f6glich)<br \/>\n<\/strong>Wo immer es logistisch m\u00f6glich und effizient ist, setzen wir auf den umweltfreundlichen Schienentransport, um den CO\u2082-Aussto\u00df weiter zu minimieren. Der intermodale Transport \u2013 eine Kombination aus Schiene und anderen nachhaltigen Verkehrstr\u00e4gern \u2013 erm\u00f6glicht es uns, nicht nur die Umwelt zu schonen, sondern auch unsere Lieferketten effizienter und ressourcenschonender zu gestalten.<\/li>\n<\/ol>\n<p>Mit diesen Ma\u00dfnahmen stellen wir sicher, dass unser Unternehmen nicht nur lokal, sondern auch global einen verantwortungsbewussten Beitrag zur nachhaltigen Mobilit\u00e4t leistet.<\/p>\n<p><img fetchpriority=\"high\" decoding=\"async\" class=\"alignnone size-full wp-image-15883\" src=\"https:\/\/biologon.at\/wp-content\/uploads\/2025\/01\/mobilitaet-nothegger.jpg\" alt=\"\" width=\"1000\" height=\"664\" srcset=\"https:\/\/biologon.at\/wp-content\/uploads\/2025\/01\/mobilitaet-nothegger.jpg 1000w, https:\/\/biologon.at\/wp-content\/uploads\/2025\/01\/mobilitaet-nothegger-300x200.jpg 300w, https:\/\/biologon.at\/wp-content\/uploads\/2025\/01\/mobilitaet-nothegger-768x510.jpg 768w\" sizes=\"(max-width: 1000px) 100vw, 1000px\" \/><\/p>\n<p>&nbsp;<\/p>\n<p>&nbsp;<\/p>\n","protected":false},"excerpt":{"rendered":"<p>Mobilit\u00e4t ist ein wichtiger Bestandteil unserer Nachhaltigkeitsstrategie. Um unseren \u00f6kologischen Fu\u00dfabdruck zu reduzieren und einen positiven Beitrag zum Klimaschutz zu leisten, verfolgen wir eine klare Ausrichtung auf umweltfreundliche Transportl\u00f6sungen. Elektrischer Fuhrpark Bereits heute besteht 78% unserer Fahrzeugflotte aus Elektrofahrzeugen, die mit gr\u00fcnem Strom betrieben werden. Durch den Einsatz von Elektromobilit\u00e4t in unserem Fuhrpark tragen wir [&hellip;]<\/p>\n","protected":false},"author":5,"featured_media":0,"parent":0,"menu_order":0,"comment_status":"closed","ping_status":"closed","template":"","meta":{"_monsterinsights_skip_tracking":false,"_monsterinsights_sitenote_active":false,"_monsterinsights_sitenote_note":"","_monsterinsights_sitenote_category":0,"footnotes":""},"class_list":["post-15881","page","type-page","status-publish","hentry"],"yoast_head":"<!-- This site is optimized with the Yoast SEO plugin v27.5 - https:\/\/yoast.com\/product\/yoast-seo-wordpress\/ -->\n<title>Nachhaltige Mobilit\u00e4t - Biologon<\/title>\n<meta name=\"robots\" content=\"index, follow, max-snippet:-1, max-image-preview:large, max-video-preview:-1\" \/>\n<link rel=\"canonical\" href=\"https:\/\/biologon.at\/nachhaltige-mobilitaet\/\" \/>\n<meta property=\"og:locale\" content=\"en_US\" \/>\n<meta property=\"og:type\" content=\"article\" \/>\n<meta property=\"og:title\" content=\"Nachhaltige Mobilit\u00e4t - Biologon\" \/>\n<meta property=\"og:description\" content=\"Mobilit\u00e4t ist ein wichtiger Bestandteil unserer Nachhaltigkeitsstrategie. Um unseren \u00f6kologischen Fu\u00dfabdruck zu reduzieren und einen positiven Beitrag zum Klimaschutz zu leisten, verfolgen wir eine klare Ausrichtung auf umweltfreundliche Transportl\u00f6sungen. Elektrischer Fuhrpark Bereits heute besteht 78% unserer Fahrzeugflotte aus Elektrofahrzeugen, die mit gr\u00fcnem Strom betrieben werden. Durch den Einsatz von Elektromobilit\u00e4t in unserem Fuhrpark tragen wir [&hellip;]\" \/>\n<meta property=\"og:url\" content=\"https:\/\/biologon.at\/nachhaltige-mobilitaet\/\" \/>\n<meta property=\"og:site_name\" content=\"Biologon\" \/>\n<meta property=\"article:modified_time\" content=\"2025-01-30T04:08:54+00:00\" \/>\n<meta property=\"og:image\" content=\"https:\/\/biologon.at\/wp-content\/uploads\/2025\/01\/mobilitaet-nothegger.jpg\" \/>\n\t<meta property=\"og:image:width\" content=\"1000\" \/>\n\t<meta property=\"og:image:height\" content=\"664\" \/>\n\t<meta property=\"og:image:type\" content=\"image\/jpeg\" \/>\n<meta name=\"twitter:card\" content=\"summary_large_image\" \/>\n<meta name=\"twitter:label1\" content=\"Est. reading time\" \/>\n\t<meta name=\"twitter:data1\" content=\"2 minutes\" \/>\n<script type=\"application\/ld+json\" class=\"yoast-schema-graph\">{\"@context\":\"https:\\\/\\\/schema.org\",\"@graph\":[{\"@type\":\"WebPage\",\"@id\":\"https:\\\/\\\/biologon.at\\\/nachhaltige-mobilitaet\\\/\",\"url\":\"https:\\\/\\\/biologon.at\\\/nachhaltige-mobilitaet\\\/\",\"name\":\"Nachhaltige Mobilit\u00e4t - Biologon\",\"isPartOf\":{\"@id\":\"https:\\\/\\\/biologon.at\\\/#website\"},\"primaryImageOfPage\":{\"@id\":\"https:\\\/\\\/biologon.at\\\/nachhaltige-mobilitaet\\\/#primaryimage\"},\"image\":{\"@id\":\"https:\\\/\\\/biologon.at\\\/nachhaltige-mobilitaet\\\/#primaryimage\"},\"thumbnailUrl\":\"https:\\\/\\\/biologon.at\\\/wp-content\\\/uploads\\\/2025\\\/01\\\/mobilitaet-nothegger.jpg\",\"datePublished\":\"2025-01-30T04:06:35+00:00\",\"dateModified\":\"2025-01-30T04:08:54+00:00\",\"breadcrumb\":{\"@id\":\"https:\\\/\\\/biologon.at\\\/nachhaltige-mobilitaet\\\/#breadcrumb\"},\"inLanguage\":\"en-US\",\"potentialAction\":[{\"@type\":\"ReadAction\",\"target\":[\"https:\\\/\\\/biologon.at\\\/nachhaltige-mobilitaet\\\/\"]}]},{\"@type\":\"ImageObject\",\"inLanguage\":\"en-US\",\"@id\":\"https:\\\/\\\/biologon.at\\\/nachhaltige-mobilitaet\\\/#primaryimage\",\"url\":\"https:\\\/\\\/biologon.at\\\/wp-content\\\/uploads\\\/2025\\\/01\\\/mobilitaet-nothegger.jpg\",\"contentUrl\":\"https:\\\/\\\/biologon.at\\\/wp-content\\\/uploads\\\/2025\\\/01\\\/mobilitaet-nothegger.jpg\"},{\"@type\":\"BreadcrumbList\",\"@id\":\"https:\\\/\\\/biologon.at\\\/nachhaltige-mobilitaet\\\/#breadcrumb\",\"itemListElement\":[{\"@type\":\"ListItem\",\"position\":1,\"name\":\"Startseite\",\"item\":\"https:\\\/\\\/biologon.at\\\/\"},{\"@type\":\"ListItem\",\"position\":2,\"name\":\"Nachhaltige Mobilit\u00e4t\"}]},{\"@type\":\"WebSite\",\"@id\":\"https:\\\/\\\/biologon.at\\\/#website\",\"url\":\"https:\\\/\\\/biologon.at\\\/\",\"name\":\"Biologon\",\"description\":\"Biologische Proudkte\",\"potentialAction\":[{\"@type\":\"SearchAction\",\"target\":{\"@type\":\"EntryPoint\",\"urlTemplate\":\"https:\\\/\\\/biologon.at\\\/?s={search_term_string}\"},\"query-input\":{\"@type\":\"PropertyValueSpecification\",\"valueRequired\":true,\"valueName\":\"search_term_string\"}}],\"inLanguage\":\"en-US\"}]}<\/script>\n<!-- \/ Yoast SEO plugin. -->","yoast_head_json":{"title":"Nachhaltige Mobilit\u00e4t - Biologon","robots":{"index":"index","follow":"follow","max-snippet":"max-snippet:-1","max-image-preview":"max-image-preview:large","max-video-preview":"max-video-preview:-1"},"canonical":"https:\/\/biologon.at\/nachhaltige-mobilitaet\/","og_locale":"en_US","og_type":"article","og_title":"Nachhaltige Mobilit\u00e4t - Biologon","og_description":"Mobilit\u00e4t ist ein wichtiger Bestandteil unserer Nachhaltigkeitsstrategie. Um unseren \u00f6kologischen Fu\u00dfabdruck zu reduzieren und einen positiven Beitrag zum Klimaschutz zu leisten, verfolgen wir eine klare Ausrichtung auf umweltfreundliche Transportl\u00f6sungen. Elektrischer Fuhrpark Bereits heute besteht 78% unserer Fahrzeugflotte aus Elektrofahrzeugen, die mit gr\u00fcnem Strom betrieben werden. Durch den Einsatz von Elektromobilit\u00e4t in unserem Fuhrpark tragen wir [&hellip;]","og_url":"https:\/\/biologon.at\/nachhaltige-mobilitaet\/","og_site_name":"Biologon","article_modified_time":"2025-01-30T04:08:54+00:00","og_image":[{"width":1000,"height":664,"url":"https:\/\/biologon.at\/wp-content\/uploads\/2025\/01\/mobilitaet-nothegger.jpg","type":"image\/jpeg"}],"twitter_card":"summary_large_image","twitter_misc":{"Est. reading time":"2 minutes"},"schema":{"@context":"https:\/\/schema.org","@graph":[{"@type":"WebPage","@id":"https:\/\/biologon.at\/nachhaltige-mobilitaet\/","url":"https:\/\/biologon.at\/nachhaltige-mobilitaet\/","name":"Nachhaltige Mobilit\u00e4t - Biologon","isPartOf":{"@id":"https:\/\/biologon.at\/#website"},"primaryImageOfPage":{"@id":"https:\/\/biologon.at\/nachhaltige-mobilitaet\/#primaryimage"},"image":{"@id":"https:\/\/biologon.at\/nachhaltige-mobilitaet\/#primaryimage"},"thumbnailUrl":"https:\/\/biologon.at\/wp-content\/uploads\/2025\/01\/mobilitaet-nothegger.jpg","datePublished":"2025-01-30T04:06:35+00:00","dateModified":"2025-01-30T04:08:54+00:00","breadcrumb":{"@id":"https:\/\/biologon.at\/nachhaltige-mobilitaet\/#breadcrumb"},"inLanguage":"en-US","potentialAction":[{"@type":"ReadAction","target":["https:\/\/biologon.at\/nachhaltige-mobilitaet\/"]}]},{"@type":"ImageObject","inLanguage":"en-US","@id":"https:\/\/biologon.at\/nachhaltige-mobilitaet\/#primaryimage","url":"https:\/\/biologon.at\/wp-content\/uploads\/2025\/01\/mobilitaet-nothegger.jpg","contentUrl":"https:\/\/biologon.at\/wp-content\/uploads\/2025\/01\/mobilitaet-nothegger.jpg"},{"@type":"BreadcrumbList","@id":"https:\/\/biologon.at\/nachhaltige-mobilitaet\/#breadcrumb","itemListElement":[{"@type":"ListItem","position":1,"name":"Startseite","item":"https:\/\/biologon.at\/"},{"@type":"ListItem","position":2,"name":"Nachhaltige Mobilit\u00e4t"}]},{"@type":"WebSite","@id":"https:\/\/biologon.at\/#website","url":"https:\/\/biologon.at\/","name":"Biologon","description":"Biologische Proudkte","potentialAction":[{"@type":"SearchAction","target":{"@type":"EntryPoint","urlTemplate":"https:\/\/biologon.at\/?s={search_term_string}"},"query-input":{"@type":"PropertyValueSpecification","valueRequired":true,"valueName":"search_term_string"}}],"inLanguage":"en-US"}]}},"_links":{"self":[{"href":"https:\/\/biologon.at\/en\/wp-json\/wp\/v2\/pages\/15881","targetHints":{"allow":["GET"]}}],"collection":[{"href":"https:\/\/biologon.at\/en\/wp-json\/wp\/v2\/pages"}],"about":[{"href":"https:\/\/biologon.at\/en\/wp-json\/wp\/v2\/types\/page"}],"author":[{"embeddable":true,"href":"https:\/\/biologon.at\/en\/wp-json\/wp\/v2\/users\/5"}],"replies":[{"embeddable":true,"href":"https:\/\/biologon.at\/en\/wp-json\/wp\/v2\/comments?post=15881"}],"version-history":[{"count":4,"href":"https:\/\/biologon.at\/en\/wp-json\/wp\/v2\/pages\/15881\/revisions"}],"predecessor-version":[{"id":15887,"href":"https:\/\/biologon.at\/en\/wp-json\/wp\/v2\/pages\/15881\/revisions\/15887"}],"wp:attachment":[{"href":"https:\/\/biologon.at\/en\/wp-json\/wp\/v2\/media?parent=15881"}],"curies":[{"name":"wp","href":"https:\/\/api.w.org\/{rel}","templated":true}]}}