{"id":15890,"date":"2025-01-30T05:11:03","date_gmt":"2025-01-30T04:11:03","guid":{"rendered":"https:\/\/biologon.at\/?page_id=15890"},"modified":"2025-01-30T05:11:03","modified_gmt":"2025-01-30T04:11:03","slug":"partnerschaften","status":"publish","type":"page","link":"https:\/\/biologon.at\/en\/partnerschaften\/","title":{"rendered":"Partnerschaften"},"content":{"rendered":"<p>Bei Biologon verstehen wir Partnerschaften als Schl\u00fcssel zu einer nachhaltigen Zukunft. Wir sind \u00fcberzeugt, dass wir nur durch Zusammenarbeit mit gleichgesinnten Unternehmen, Organisationen und Institutionen einen echten und langfristigen Unterschied machen k\u00f6nnen. Unsere Partnerschaften basieren auf gemeinsamen Werten wie Nachhaltigkeit, Qualit\u00e4t und Verantwortung.<\/p>\n<p>Wir arbeiten mit einer Vielzahl von Partnern zusammen \u2013 von Lieferanten \u00fcber lokale Gemeinschaften bis hin zu internationalen Umweltorganisationen. Diese enge Kooperation erm\u00f6glicht es uns, nachhaltige L\u00f6sungen zu entwickeln und umweltfreundliche Praktiken in allen Bereichen unserer Wertsch\u00f6pfungskette zu integrieren.<\/p>\n<p>Unsere Partnerschaften reichen von der F\u00f6rderung biologischer Landwirtschaft und fairer Arbeitsbedingungen bis hin zur Unterst\u00fctzung von Klimaschutzinitiativen und sozialer Verantwortung. Indem wir gemeinsam mit unseren Partnern innovative Ans\u00e4tze verfolgen, schaffen wir einen positiven Einfluss auf Umwelt, Gesellschaft und Wirtschaft.<\/p>\n<p>Gemeinsam mit unseren Partnern streben wir danach, die Welt von morgen nachhaltig und gerecht zu gestalten.<\/p>\n<p>&nbsp;<\/p>\n","protected":false},"excerpt":{"rendered":"<p>Bei Biologon verstehen wir Partnerschaften als Schl\u00fcssel zu einer nachhaltigen Zukunft. Wir sind \u00fcberzeugt, dass wir nur durch Zusammenarbeit mit gleichgesinnten Unternehmen, Organisationen und Institutionen einen echten und langfristigen Unterschied machen k\u00f6nnen. Unsere Partnerschaften basieren auf gemeinsamen Werten wie Nachhaltigkeit, Qualit\u00e4t und Verantwortung. Wir arbeiten mit einer Vielzahl von Partnern zusammen \u2013 von Lieferanten \u00fcber [&hellip;]<\/p>\n","protected":false},"author":5,"featured_media":0,"parent":0,"menu_order":0,"comment_status":"closed","ping_status":"closed","template":"","meta":{"_monsterinsights_skip_tracking":false,"_monsterinsights_sitenote_active":false,"_monsterinsights_sitenote_note":"","_monsterinsights_sitenote_category":0,"footnotes":""},"class_list":["post-15890","page","type-page","status-publish","hentry"],"yoast_head":"<!-- This site is optimized with the Yoast SEO plugin v27.4 - https:\/\/yoast.com\/product\/yoast-seo-wordpress\/ -->\n<title>Partnerschaften - Biologon<\/title>\n<meta name=\"robots\" content=\"index, follow, max-snippet:-1, max-image-preview:large, max-video-preview:-1\" \/>\n<link rel=\"canonical\" href=\"https:\/\/biologon.at\/partnerschaften\/\" \/>\n<meta property=\"og:locale\" content=\"en_US\" \/>\n<meta property=\"og:type\" content=\"article\" \/>\n<meta property=\"og:title\" content=\"Partnerschaften - Biologon\" \/>\n<meta property=\"og:description\" content=\"Bei Biologon verstehen wir Partnerschaften als Schl\u00fcssel zu einer nachhaltigen Zukunft. Wir sind \u00fcberzeugt, dass wir nur durch Zusammenarbeit mit gleichgesinnten Unternehmen, Organisationen und Institutionen einen echten und langfristigen Unterschied machen k\u00f6nnen. Unsere Partnerschaften basieren auf gemeinsamen Werten wie Nachhaltigkeit, Qualit\u00e4t und Verantwortung. Wir arbeiten mit einer Vielzahl von Partnern zusammen \u2013 von Lieferanten \u00fcber [&hellip;]\" \/>\n<meta property=\"og:url\" content=\"https:\/\/biologon.at\/partnerschaften\/\" \/>\n<meta property=\"og:site_name\" content=\"Biologon\" \/>\n<meta name=\"twitter:card\" content=\"summary_large_image\" \/>\n<meta name=\"twitter:label1\" content=\"Est. reading time\" \/>\n\t<meta name=\"twitter:data1\" content=\"1 minute\" \/>\n<script type=\"application\/ld+json\" class=\"yoast-schema-graph\">{\"@context\":\"https:\\\/\\\/schema.org\",\"@graph\":[{\"@type\":\"WebPage\",\"@id\":\"https:\\\/\\\/biologon.at\\\/partnerschaften\\\/\",\"url\":\"https:\\\/\\\/biologon.at\\\/partnerschaften\\\/\",\"name\":\"Partnerschaften - Biologon\",\"isPartOf\":{\"@id\":\"https:\\\/\\\/biologon.at\\\/#website\"},\"datePublished\":\"2025-01-30T04:11:03+00:00\",\"breadcrumb\":{\"@id\":\"https:\\\/\\\/biologon.at\\\/partnerschaften\\\/#breadcrumb\"},\"inLanguage\":\"en-US\",\"potentialAction\":[{\"@type\":\"ReadAction\",\"target\":[\"https:\\\/\\\/biologon.at\\\/partnerschaften\\\/\"]}]},{\"@type\":\"BreadcrumbList\",\"@id\":\"https:\\\/\\\/biologon.at\\\/partnerschaften\\\/#breadcrumb\",\"itemListElement\":[{\"@type\":\"ListItem\",\"position\":1,\"name\":\"Startseite\",\"item\":\"https:\\\/\\\/biologon.at\\\/\"},{\"@type\":\"ListItem\",\"position\":2,\"name\":\"Partnerschaften\"}]},{\"@type\":\"WebSite\",\"@id\":\"https:\\\/\\\/biologon.at\\\/#website\",\"url\":\"https:\\\/\\\/biologon.at\\\/\",\"name\":\"Biologon\",\"description\":\"Biologische Proudkte\",\"potentialAction\":[{\"@type\":\"SearchAction\",\"target\":{\"@type\":\"EntryPoint\",\"urlTemplate\":\"https:\\\/\\\/biologon.at\\\/?s={search_term_string}\"},\"query-input\":{\"@type\":\"PropertyValueSpecification\",\"valueRequired\":true,\"valueName\":\"search_term_string\"}}],\"inLanguage\":\"en-US\"}]}<\/script>\n<!-- \/ Yoast SEO plugin. -->","yoast_head_json":{"title":"Partnerschaften - Biologon","robots":{"index":"index","follow":"follow","max-snippet":"max-snippet:-1","max-image-preview":"max-image-preview:large","max-video-preview":"max-video-preview:-1"},"canonical":"https:\/\/biologon.at\/partnerschaften\/","og_locale":"en_US","og_type":"article","og_title":"Partnerschaften - Biologon","og_description":"Bei Biologon verstehen wir Partnerschaften als Schl\u00fcssel zu einer nachhaltigen Zukunft. Wir sind \u00fcberzeugt, dass wir nur durch Zusammenarbeit mit gleichgesinnten Unternehmen, Organisationen und Institutionen einen echten und langfristigen Unterschied machen k\u00f6nnen. Unsere Partnerschaften basieren auf gemeinsamen Werten wie Nachhaltigkeit, Qualit\u00e4t und Verantwortung. Wir arbeiten mit einer Vielzahl von Partnern zusammen \u2013 von Lieferanten \u00fcber [&hellip;]","og_url":"https:\/\/biologon.at\/partnerschaften\/","og_site_name":"Biologon","twitter_card":"summary_large_image","twitter_misc":{"Est. reading time":"1 minute"},"schema":{"@context":"https:\/\/schema.org","@graph":[{"@type":"WebPage","@id":"https:\/\/biologon.at\/partnerschaften\/","url":"https:\/\/biologon.at\/partnerschaften\/","name":"Partnerschaften - Biologon","isPartOf":{"@id":"https:\/\/biologon.at\/#website"},"datePublished":"2025-01-30T04:11:03+00:00","breadcrumb":{"@id":"https:\/\/biologon.at\/partnerschaften\/#breadcrumb"},"inLanguage":"en-US","potentialAction":[{"@type":"ReadAction","target":["https:\/\/biologon.at\/partnerschaften\/"]}]},{"@type":"BreadcrumbList","@id":"https:\/\/biologon.at\/partnerschaften\/#breadcrumb","itemListElement":[{"@type":"ListItem","position":1,"name":"Startseite","item":"https:\/\/biologon.at\/"},{"@type":"ListItem","position":2,"name":"Partnerschaften"}]},{"@type":"WebSite","@id":"https:\/\/biologon.at\/#website","url":"https:\/\/biologon.at\/","name":"Biologon","description":"Biologische Proudkte","potentialAction":[{"@type":"SearchAction","target":{"@type":"EntryPoint","urlTemplate":"https:\/\/biologon.at\/?s={search_term_string}"},"query-input":{"@type":"PropertyValueSpecification","valueRequired":true,"valueName":"search_term_string"}}],"inLanguage":"en-US"}]}},"_links":{"self":[{"href":"https:\/\/biologon.at\/en\/wp-json\/wp\/v2\/pages\/15890","targetHints":{"allow":["GET"]}}],"collection":[{"href":"https:\/\/biologon.at\/en\/wp-json\/wp\/v2\/pages"}],"about":[{"href":"https:\/\/biologon.at\/en\/wp-json\/wp\/v2\/types\/page"}],"author":[{"embeddable":true,"href":"https:\/\/biologon.at\/en\/wp-json\/wp\/v2\/users\/5"}],"replies":[{"embeddable":true,"href":"https:\/\/biologon.at\/en\/wp-json\/wp\/v2\/comments?post=15890"}],"version-history":[{"count":1,"href":"https:\/\/biologon.at\/en\/wp-json\/wp\/v2\/pages\/15890\/revisions"}],"predecessor-version":[{"id":15891,"href":"https:\/\/biologon.at\/en\/wp-json\/wp\/v2\/pages\/15890\/revisions\/15891"}],"wp:attachment":[{"href":"https:\/\/biologon.at\/en\/wp-json\/wp\/v2\/media?parent=15890"}],"curies":[{"name":"wp","href":"https:\/\/api.w.org\/{rel}","templated":true}]}}