{"id":6646,"date":"2021-03-02T12:38:07","date_gmt":"2021-03-02T11:38:07","guid":{"rendered":"https:\/\/biologon.at\/privacy-policy\/"},"modified":"2024-06-07T05:25:13","modified_gmt":"2024-06-07T03:25:13","slug":"privacy-policy","status":"publish","type":"page","link":"https:\/\/biologon.at\/en\/privacy-policy\/","title":{"rendered":"Privacy Policy"},"content":{"rendered":"<p>Datenschutz<br \/>\nWir, BiologoN GmbH nehmen den Schutz Ihrer pers\u00f6nlichen Daten sehr ernst und halten uns strikt an die Regeln der Datenschutzgesetze. Personenbezogene Daten werden auf dieser Webseite nur im technisch notwendigen Umfang erhoben. In keinem Fall werden die erhobenen Daten verkauft oder aus anderen Gr\u00fcnden an Dritte weitergegeben. Die nachfolgende Erkl\u00e4rung gibt Ihnen einen \u00dcberblick dar\u00fcber, wie wir diesen Schutz gew\u00e4hrleisten und welche Art von Daten zu welchem Zweck erhoben werden.<\/p>\n<p>Datenverarbeitung auf dieser Internetseite<br \/>\nBiologoN GmbH erhebt und speichert automatisch in ihren Server Log Files Informationen, die Ihr Browser an uns \u00fcbermittelt.<br \/>\nDies sind:<br \/>\nBrowsertyp\/ -version<br \/>\nverwendetes Betriebssystem<br \/>\nReferrer URL (die zuvor besuchte Seite)<br \/>\nHostname des zugreifenden Rechners (IP Adresse)<br \/>\nUhrzeit der Serveranfrage<br \/>\nDiese Daten sind f\u00fcr (Firmennamen) nicht bestimmten Personen zuordenbar. Eine Zusammenf\u00fchrung dieser Daten mit anderen Datenquellen wird nicht vorgenommen, die Daten werden zudem nach einer statistischen Auswertung gel\u00f6scht.<\/p>\n<p>Sicherheit Ihrer pers\u00f6nlichen Daten<br \/>\nBiologoN GmbH sch\u00fctzt Ihre pers\u00f6nlichen Daten vor unerlaubten Zugriff, Verwendung oder Ver\u00f6ffentlichung. BiologoN GmbH sorgt daf\u00fcr, dass ihre pers\u00f6nlichen Informationen die Sie auf dem Server speichern, sich in einer kontrollierten sicheren Umgebung, in der unerlaubter Zugriff und Ver\u00f6ffentlichung verhindert wird, befinden. Wenn sicherheitsrelevante pers\u00f6nliche Informationen wie Kreditkartennummern \u00fcbermittelt werden, werden diese durch Verschl\u00fcsselung \u201eSecure Socket Layer (SSL)\u201c gesch\u00fctzt.<br \/>\nBitte beachten Sie, dass pers\u00f6nliche Informationen, die sie in \u00f6ffentlich zug\u00e4nglichen Bereichen, wie G\u00e4stebuch etc. ver\u00f6ffentlichen, von anderen Benutzern missbraucht werden k\u00f6nnen.<\/p>\n<p>Weitergabe Ihrer Daten<br \/>\nBiologoN GmbH gibt Ihre personenbezogenen Daten nicht an Dritte weiter, ausser Sie wird zur Abwicklung des Gesch\u00e4ftverkehres ben\u00f6tigt. Die \u00fcbermittelten Daten sind auf das erforderliche Minimum beschr\u00e4nkt.<br \/>\nSoweit BiologoN GmbH aber gesetzlich oder per Gerichtsbeschluss dazu verpflichtet wird, geben wir Ihre Daten nur an auskunftsberechtigte staatliche Institutionen und Beh\u00f6rden weiter.<\/p>\n<p>\u00c4nderung dieser Datenschutzbestimmungen<br \/>\nBiologoN GmbH beh\u00e4lt sich das Recht vor, diese Sicherheits- und Datenschutzma\u00dfnahmen zu ver\u00e4ndern, soweit dies wegen der technischen Entwicklung erforderlich wird. In diesen F\u00e4llen werden wir auch unsere Hinweise zum Datenschutz entsprechend anpassen. Bitte beachten Sie daher die jeweils aktuelle Version unserer Datenschutzerkl\u00e4rung.<\/p>\n<p>Kinder<br \/>\nPersonen unter 18 Jahren sollten ohne Zustimmung der Eltern oder Erziehungsberechtigten keine personenbezogenen Daten an uns \u00fcbermitteln. Wir fordern keine personenbezogenen Daten von Kindern und Jugendlichen an, sammeln diese nicht und geben sie nicht an Dritte weiter.<\/p>\n<p>Cookies<\/p>\n<div class=\"ccm-cookie-declaration\" data-lang=\"de_DE\">Bitte aktivieren Sie Javascript, um die Liste aller deklarierten Cookies und \u00e4hnlicher Techniken zu sehen.<\/div>\n<p>Die Internetseiten verwenden an mehreren Stellen so genannte Cookies. Sie dienen dazu, unser Angebot nutzerfreundlicher, effektiver und sicherer zu machen. Cookies sind kleine Textdateien, die auf Ihrem Rechner abgelegt werden und die Ihr Browser speichert. Die meisten der von uns verwendeten Cookies sind so genannte \u201eSession-Cookies\u201c. Sie werden nach Ende Ihres Besuchs automatisch gel\u00f6scht. Cookies richten auf Ihrem Rechner keinen Schaden an und enthalten keine Viren.<\/p>\n<p>Google Analtics Opt Out<br \/>\nHier von Google Analitcs abmelden<\/p>\n<p>Newsletter<br \/>\nWenn Sie den auf der Webseite angebotenen Newsletter empfangen m\u00f6chten, ben\u00f6tigen wir von Ihnen eine valide Email-Adresse sowie Informationen, die und die \u00dcberpr\u00fcfung gestatten, dass Sie der Inhaber der angegebenen Email-Adresse sind bzw. deren Inhaber mit dem Empfang des Newsletters einverstanden ist. Weitere Daten werden nicht erhoben.<br \/>\nSie stimmen dem Erhalt des Newsletters der BiologoN GmbH zu. Bei Anmeldung zum Newsletter wird Ihre E-Mail Adresse mit Ihrer Einwilligung f\u00fcr eigene Werbezwecke genutzt. Der Newsletter wird per E-Mail verschickt und enth\u00e4lt Informationen \u00fcber neue Projekte, Produkte und Angebote. Wir werden Ihre personenbezogenen Daten, die wir f\u00fcr den Versand des Newsletters verarbeiten, nicht Dritten zur Verf\u00fcgung stellen.<br \/>\nSie k\u00f6nnen den Erhalt des Newsletters jederzeit mit Wirkung f\u00fcr die Zukunft abbestellen, per Abmelde-Link im Newsletter, per E-Mail oder postalisch.<\/p>\n<p>Verwendung von Facebook-Plugins<br \/>\nAuf den Webseiten von BioLifestyle werden Plugins des sozialen Netzwerkes facebook.com verwendet, das von der Facebook Inc., 1601 S. California Ave, Palo Alto, CA 94304, USA betrieben wird (allgemein bekannt als \u201eFacebook\u201c). Wenn Sie mit einen solchen Plugin versehene Internetseiten unserer Internetpra\u0308senz aufrufen, wird eine Verbindung zu den Facebook-Servern hergestellt und dabei das Plugin durch Mitteilung an Ihren Browser auf der Internetseite dargestellt. Hierdurch wird an den Facebook-Server u\u0308bermittelt, welche unserer Internetseiten Sie besucht haben. Sind Sie dabei als Mitglied bei Facebook eingeloggt, ordnet Facebook diese Information Ihrem perso\u0308nlichen Facebook-Benutzerkonto zu. Bei der Nutzung der Plugin-Funktionen (z.B. Anklicken des \u201eGefa\u0308llt mir\u201c-Buttons, Abgabe eines Kommentars) werden auch diese Informationen Ihrem Facebook-Konto zugeordnet, was Sie nur durch Ausloggen vor Nutzung des Plugins verhindern ko\u0308nnen.<br \/>\nNa\u0308here Informationen zur Erhebung und Nutzung der Daten durch Facebook, u\u0308ber Ihre diesbezu\u0308glichen Rechte Mo\u0308glichkeiten zum Schutz Ihrer Privatspha\u0308re finden Sie in den Datenschutzhinweisen von Facebook.<\/p>\n<p>Auskunftsrecht<br \/>\nSie haben jederzeit das Recht auf Auskunft \u00fcber die bez\u00fcglich Ihrer Person gespeicherten Daten, deren Herkunft und Empf\u00e4nger sowie den Zweck der Datenverarbeitung. Auskunft \u00fcber die gespeicherten Daten k\u00f6nnen Sie unter info@biologon.at anfordern.<\/p>\n<p>Weitere Informationen<br \/>\nIhr Vertrauen ist uns wichtig. Daher m\u00f6chten wir Ihnen jederzeit Rede und Antwort bez\u00fcglich der Verarbeitung Ihrer personenbezogenen Daten stehen. Wenn Sie Fragen haben, die Ihnen diese Datenschutzerkl\u00e4rung nicht beantworten konnte oder wenn Sie zu einem Punkt vertiefte Informationen w\u00fcnschen, wenden Sie sich bitte mit einer E-Mail an info@biologon.at.<\/p>\n","protected":false},"excerpt":{"rendered":"<p>Datenschutz Wir, BiologoN GmbH nehmen den Schutz Ihrer pers\u00f6nlichen Daten sehr ernst und halten uns strikt an die Regeln der Datenschutzgesetze. Personenbezogene Daten werden auf dieser Webseite nur im technisch notwendigen Umfang erhoben. In keinem Fall werden die erhobenen Daten verkauft oder aus anderen Gr\u00fcnden an Dritte weitergegeben. Die nachfolgende Erkl\u00e4rung gibt Ihnen einen \u00dcberblick [&hellip;]<\/p>\n","protected":false},"author":2,"featured_media":0,"parent":0,"menu_order":0,"comment_status":"closed","ping_status":"closed","template":"","meta":{"_monsterinsights_skip_tracking":false,"_monsterinsights_sitenote_active":false,"_monsterinsights_sitenote_note":"","_monsterinsights_sitenote_category":0,"footnotes":""},"class_list":["post-6646","page","type-page","status-publish","hentry"],"yoast_head":"<!-- This site is optimized with the Yoast SEO plugin v27.5 - https:\/\/yoast.com\/product\/yoast-seo-wordpress\/ -->\n<title>Privacy Policy - Biologon<\/title>\n<meta name=\"robots\" content=\"index, follow, max-snippet:-1, max-image-preview:large, max-video-preview:-1\" \/>\n<link rel=\"canonical\" href=\"https:\/\/biologon.at\/en\/privacy-policy\/\" \/>\n<meta property=\"og:locale\" content=\"en_US\" \/>\n<meta property=\"og:type\" content=\"article\" \/>\n<meta property=\"og:title\" content=\"Privacy Policy - Biologon\" \/>\n<meta property=\"og:description\" content=\"Datenschutz Wir, BiologoN GmbH nehmen den Schutz Ihrer pers\u00f6nlichen Daten sehr ernst und halten uns strikt an die Regeln der Datenschutzgesetze. Personenbezogene Daten werden auf dieser Webseite nur im technisch notwendigen Umfang erhoben. In keinem Fall werden die erhobenen Daten verkauft oder aus anderen Gr\u00fcnden an Dritte weitergegeben. Die nachfolgende Erkl\u00e4rung gibt Ihnen einen \u00dcberblick [&hellip;]\" \/>\n<meta property=\"og:url\" content=\"https:\/\/biologon.at\/en\/privacy-policy\/\" \/>\n<meta property=\"og:site_name\" content=\"Biologon\" \/>\n<meta property=\"article:modified_time\" content=\"2024-06-07T03:25:13+00:00\" \/>\n<meta name=\"twitter:card\" content=\"summary_large_image\" \/>\n<meta name=\"twitter:label1\" content=\"Est. reading time\" \/>\n\t<meta name=\"twitter:data1\" content=\"5 minutes\" \/>\n<script type=\"application\/ld+json\" class=\"yoast-schema-graph\">{\"@context\":\"https:\\\/\\\/schema.org\",\"@graph\":[{\"@type\":\"WebPage\",\"@id\":\"https:\\\/\\\/biologon.at\\\/en\\\/privacy-policy\\\/\",\"url\":\"https:\\\/\\\/biologon.at\\\/en\\\/privacy-policy\\\/\",\"name\":\"Privacy Policy - Biologon\",\"isPartOf\":{\"@id\":\"https:\\\/\\\/biologon.at\\\/#website\"},\"datePublished\":\"2021-03-02T11:38:07+00:00\",\"dateModified\":\"2024-06-07T03:25:13+00:00\",\"breadcrumb\":{\"@id\":\"https:\\\/\\\/biologon.at\\\/en\\\/privacy-policy\\\/#breadcrumb\"},\"inLanguage\":\"en-US\",\"potentialAction\":[{\"@type\":\"ReadAction\",\"target\":[\"https:\\\/\\\/biologon.at\\\/en\\\/privacy-policy\\\/\"]}]},{\"@type\":\"BreadcrumbList\",\"@id\":\"https:\\\/\\\/biologon.at\\\/en\\\/privacy-policy\\\/#breadcrumb\",\"itemListElement\":[{\"@type\":\"ListItem\",\"position\":1,\"name\":\"Startseite\",\"item\":\"https:\\\/\\\/biologon.at\\\/\"},{\"@type\":\"ListItem\",\"position\":2,\"name\":\"Privacy Policy\"}]},{\"@type\":\"WebSite\",\"@id\":\"https:\\\/\\\/biologon.at\\\/#website\",\"url\":\"https:\\\/\\\/biologon.at\\\/\",\"name\":\"Biologon\",\"description\":\"Biologische Proudkte\",\"potentialAction\":[{\"@type\":\"SearchAction\",\"target\":{\"@type\":\"EntryPoint\",\"urlTemplate\":\"https:\\\/\\\/biologon.at\\\/?s={search_term_string}\"},\"query-input\":{\"@type\":\"PropertyValueSpecification\",\"valueRequired\":true,\"valueName\":\"search_term_string\"}}],\"inLanguage\":\"en-US\"}]}<\/script>\n<!-- \/ Yoast SEO plugin. -->","yoast_head_json":{"title":"Privacy Policy - Biologon","robots":{"index":"index","follow":"follow","max-snippet":"max-snippet:-1","max-image-preview":"max-image-preview:large","max-video-preview":"max-video-preview:-1"},"canonical":"https:\/\/biologon.at\/en\/privacy-policy\/","og_locale":"en_US","og_type":"article","og_title":"Privacy Policy - Biologon","og_description":"Datenschutz Wir, BiologoN GmbH nehmen den Schutz Ihrer pers\u00f6nlichen Daten sehr ernst und halten uns strikt an die Regeln der Datenschutzgesetze. Personenbezogene Daten werden auf dieser Webseite nur im technisch notwendigen Umfang erhoben. In keinem Fall werden die erhobenen Daten verkauft oder aus anderen Gr\u00fcnden an Dritte weitergegeben. Die nachfolgende Erkl\u00e4rung gibt Ihnen einen \u00dcberblick [&hellip;]","og_url":"https:\/\/biologon.at\/en\/privacy-policy\/","og_site_name":"Biologon","article_modified_time":"2024-06-07T03:25:13+00:00","twitter_card":"summary_large_image","twitter_misc":{"Est. reading time":"5 minutes"},"schema":{"@context":"https:\/\/schema.org","@graph":[{"@type":"WebPage","@id":"https:\/\/biologon.at\/en\/privacy-policy\/","url":"https:\/\/biologon.at\/en\/privacy-policy\/","name":"Privacy Policy - Biologon","isPartOf":{"@id":"https:\/\/biologon.at\/#website"},"datePublished":"2021-03-02T11:38:07+00:00","dateModified":"2024-06-07T03:25:13+00:00","breadcrumb":{"@id":"https:\/\/biologon.at\/en\/privacy-policy\/#breadcrumb"},"inLanguage":"en-US","potentialAction":[{"@type":"ReadAction","target":["https:\/\/biologon.at\/en\/privacy-policy\/"]}]},{"@type":"BreadcrumbList","@id":"https:\/\/biologon.at\/en\/privacy-policy\/#breadcrumb","itemListElement":[{"@type":"ListItem","position":1,"name":"Startseite","item":"https:\/\/biologon.at\/"},{"@type":"ListItem","position":2,"name":"Privacy Policy"}]},{"@type":"WebSite","@id":"https:\/\/biologon.at\/#website","url":"https:\/\/biologon.at\/","name":"Biologon","description":"Biologische Proudkte","potentialAction":[{"@type":"SearchAction","target":{"@type":"EntryPoint","urlTemplate":"https:\/\/biologon.at\/?s={search_term_string}"},"query-input":{"@type":"PropertyValueSpecification","valueRequired":true,"valueName":"search_term_string"}}],"inLanguage":"en-US"}]}},"_links":{"self":[{"href":"https:\/\/biologon.at\/en\/wp-json\/wp\/v2\/pages\/6646","targetHints":{"allow":["GET"]}}],"collection":[{"href":"https:\/\/biologon.at\/en\/wp-json\/wp\/v2\/pages"}],"about":[{"href":"https:\/\/biologon.at\/en\/wp-json\/wp\/v2\/types\/page"}],"author":[{"embeddable":true,"href":"https:\/\/biologon.at\/en\/wp-json\/wp\/v2\/users\/2"}],"replies":[{"embeddable":true,"href":"https:\/\/biologon.at\/en\/wp-json\/wp\/v2\/comments?post=6646"}],"version-history":[{"count":2,"href":"https:\/\/biologon.at\/en\/wp-json\/wp\/v2\/pages\/6646\/revisions"}],"predecessor-version":[{"id":14994,"href":"https:\/\/biologon.at\/en\/wp-json\/wp\/v2\/pages\/6646\/revisions\/14994"}],"wp:attachment":[{"href":"https:\/\/biologon.at\/en\/wp-json\/wp\/v2\/media?parent=6646"}],"curies":[{"name":"wp","href":"https:\/\/api.w.org\/{rel}","templated":true}]}}