{"id":6647,"date":"2021-03-02T12:38:50","date_gmt":"2021-03-02T11:38:50","guid":{"rendered":"https:\/\/biologon.at\/blog\/"},"modified":"2021-03-02T12:38:50","modified_gmt":"2021-03-02T11:38:50","slug":"blog","status":"publish","type":"page","link":"https:\/\/biologon.at\/en\/blog\/","title":{"rendered":"Blog"},"content":{"rendered":"<div class=\"wpb-content-wrapper\"><p>[vc_row][vc_column width=&#8221;3\/4&#8243;]    <div class=\"blog post \">\r\n        <div class=\"row\">\r\n                            <div class=\"de-blog col-xs-12 col-sm-12 col-md-12 col-lg-12\">\r\n                    <article id=\"post_17626\" class=\"post-17626 post type-post status-publish format-standard has-post-thumbnail hentry category-biologon\">\r\n            <h2 class=\"blog-title\"><a href=\"https:\/\/biologon.at\/en\/dlg-preis-fuer-langjaehrige-produktqualitaet\/\">DLG-Preis f\u00fcr langj\u00e4hrige Produktqualit\u00e4t<\/a><\/h2>\r\n                    <div class=\"blog-image\">\r\n            <img decoding=\"async\" src=\"https:\/\/biologon.at\/wp-content\/uploads\/2026\/04\/Design-ohne-Titel44-1140x610.png\">        <\/div>\r\n                <div class=\"blog-description\">\r\n            Zum 14. Mal ausgezeichnet: biologon erh\u00e4lt den DLG-Preis f\u00fcr langj\u00e4hrige Produktqualit\u00e4t Wir freuen uns, eine besondere Auszeichnung bekannt zu geben: biologon GmbH wurde von der Deutschen Landwirtschafts-Gesellschaft (DLG) erneut mit dem Preis f\u00fcr langj\u00e4hrige Produktqualit\u00e4t geehrt \u2013 zum bereits...        <\/div>\r\n                <a class=\"readmore\" href=\"https:\/\/biologon.at\/en\/dlg-preis-fuer-langjaehrige-produktqualitaet\/\">Read More: DLG-Preis f\u00fcr langj\u00e4hrige Produktqualit\u00e4t<\/a>\r\n    <\/article>\r\n                <\/div>\r\n                            <div class=\"de-blog col-xs-12 col-sm-12 col-md-12 col-lg-12\">\r\n                    <article id=\"post_17510\" class=\"post-17510 post type-post status-publish format-standard has-post-thumbnail hentry category-engagement\">\r\n            <h2 class=\"blog-title\"><a href=\"https:\/\/biologon.at\/en\/csr-guide-2025\/\">CSR-Guide 2025<\/a><\/h2>\r\n                    <div class=\"blog-image\">\r\n            <img decoding=\"async\" src=\"https:\/\/biologon.at\/wp-content\/uploads\/2026\/03\/Unbenannt-221-e1773918722885-1080x610.png\">        <\/div>\r\n                <div class=\"blog-description\">\r\n            Der Moment, wenn man schwarz auf wei\u00df sieht, was schon alles vorw\u00e4rts gegangen ist \ud83d\udc9a Dieser Screenshot aus dem aktuellen CSR-Guide 2025 bedeutet uns unglaublich viel. Weil alle Punkte ein Signal daf\u00fcr sind, dass wir bei biologon genau den...        <\/div>\r\n                <a class=\"readmore\" href=\"https:\/\/biologon.at\/en\/csr-guide-2025\/\">Read More: CSR-Guide 2025<\/a>\r\n    <\/article>\r\n                <\/div>\r\n                            <div class=\"de-blog col-xs-12 col-sm-12 col-md-12 col-lg-12\">\r\n                    <article id=\"post_17398\" class=\"post-17398 post type-post status-publish format-standard has-post-thumbnail hentry category-biologon category-engagement\">\r\n            <h2 class=\"blog-title\"><a href=\"https:\/\/biologon.at\/en\/2-platz-beim-landeswettbewerb-familienfreundlichster-betrieb-2025\/\">2. Platz beim Landeswettbewerb &#8220;Familienfreundlichster Betrieb 2025&#8221;!<\/a><\/h2>\r\n                    <div class=\"blog-image\">\r\n            <img decoding=\"async\" src=\"https:\/\/biologon.at\/wp-content\/uploads\/2026\/02\/DSC08750-1140x610.jpg\">        <\/div>\r\n                <div class=\"blog-description\">\r\n            Beim Landeswettbewerb &#8220;Familienfreundlichster Betrieb 2025&#8221; durften wir uns \u00fcber den 2. Platz freuen. Eine gro\u00dfartige Anerkennung f\u00fcr unsere familienfreundliche Utnernehmenskultur und ein starkes Zeichen daf\u00fcr, dass sich unser Engagement auszahlt. \u2728 Die Urkunde durften Elena Moser und Orsolya Okolics\u00e1nyi...        <\/div>\r\n                <a class=\"readmore\" href=\"https:\/\/biologon.at\/en\/2-platz-beim-landeswettbewerb-familienfreundlichster-betrieb-2025\/\">Read More: 2. Platz beim Landeswettbewerb &#8220;Familienfreundlichster Betrieb 2025&#8221;!<\/a>\r\n    <\/article>\r\n                <\/div>\r\n                    <\/div>\r\n                <div class=\"pagination\">\r\n            <span aria-current=\"page\" class=\"page-numbers current\">1<\/span>\n<a class=\"page-numbers\" href=\"https:\/\/biologon.at\/en\/wp-json\/wp\/v2\/pages\/6647\/page\/2\/\">2<\/a>\n<a class=\"page-numbers\" href=\"https:\/\/biologon.at\/en\/wp-json\/wp\/v2\/pages\/6647\/page\/3\/\">3<\/a>\n<span class=\"page-numbers dots\">&hellip;<\/span>\n<a class=\"page-numbers\" href=\"https:\/\/biologon.at\/en\/wp-json\/wp\/v2\/pages\/6647\/page\/6\/\">6<\/a>\n<a class=\"next page-numbers\" href=\"https:\/\/biologon.at\/en\/wp-json\/wp\/v2\/pages\/6647\/page\/2\/\">Next &rarr;<\/a>        <\/div>\r\n            <\/div>\r\n        \r\n    [\/vc_column][\/vc_row]<\/p>\n<\/div>","protected":false},"excerpt":{"rendered":"<p>[vc_row][vc_column width=&#8221;3\/4&#8243;][\/vc_column][\/vc_row]<\/p>\n","protected":false},"author":5,"featured_media":0,"parent":0,"menu_order":0,"comment_status":"open","ping_status":"closed","template":"","meta":{"_monsterinsights_skip_tracking":false,"_monsterinsights_sitenote_active":false,"_monsterinsights_sitenote_note":"","_monsterinsights_sitenote_category":0,"footnotes":""},"class_list":["post-6647","page","type-page","status-publish","hentry"],"yoast_head":"<!-- This site is optimized with the Yoast SEO plugin v27.4 - https:\/\/yoast.com\/product\/yoast-seo-wordpress\/ -->\n<title>Blog - Biologon<\/title>\n<meta name=\"robots\" content=\"index, follow, max-snippet:-1, max-image-preview:large, max-video-preview:-1\" \/>\n<link rel=\"canonical\" href=\"https:\/\/biologon.at\/en\/blog\/\" \/>\n<meta property=\"og:locale\" content=\"en_US\" \/>\n<meta property=\"og:type\" content=\"article\" \/>\n<meta property=\"og:title\" content=\"Blog - Biologon\" \/>\n<meta property=\"og:description\" content=\"[vc_row][vc_column width=&#8221;3\/4&#8243;][\/vc_column][\/vc_row]\" \/>\n<meta property=\"og:url\" content=\"https:\/\/biologon.at\/en\/blog\/\" \/>\n<meta property=\"og:site_name\" content=\"Biologon\" \/>\n<meta name=\"twitter:card\" content=\"summary_large_image\" \/>\n<script type=\"application\/ld+json\" class=\"yoast-schema-graph\">{\"@context\":\"https:\\\/\\\/schema.org\",\"@graph\":[{\"@type\":\"WebPage\",\"@id\":\"https:\\\/\\\/biologon.at\\\/en\\\/blog\\\/\",\"url\":\"https:\\\/\\\/biologon.at\\\/en\\\/blog\\\/\",\"name\":\"Blog - Biologon\",\"isPartOf\":{\"@id\":\"https:\\\/\\\/biologon.at\\\/#website\"},\"datePublished\":\"2021-03-02T11:38:50+00:00\",\"breadcrumb\":{\"@id\":\"https:\\\/\\\/biologon.at\\\/en\\\/blog\\\/#breadcrumb\"},\"inLanguage\":\"en-US\",\"potentialAction\":[{\"@type\":\"ReadAction\",\"target\":[\"https:\\\/\\\/biologon.at\\\/en\\\/blog\\\/\"]}]},{\"@type\":\"BreadcrumbList\",\"@id\":\"https:\\\/\\\/biologon.at\\\/en\\\/blog\\\/#breadcrumb\",\"itemListElement\":[{\"@type\":\"ListItem\",\"position\":1,\"name\":\"Startseite\",\"item\":\"https:\\\/\\\/biologon.at\\\/\"},{\"@type\":\"ListItem\",\"position\":2,\"name\":\"Blog\"}]},{\"@type\":\"WebSite\",\"@id\":\"https:\\\/\\\/biologon.at\\\/#website\",\"url\":\"https:\\\/\\\/biologon.at\\\/\",\"name\":\"Biologon\",\"description\":\"Biologische Proudkte\",\"potentialAction\":[{\"@type\":\"SearchAction\",\"target\":{\"@type\":\"EntryPoint\",\"urlTemplate\":\"https:\\\/\\\/biologon.at\\\/?s={search_term_string}\"},\"query-input\":{\"@type\":\"PropertyValueSpecification\",\"valueRequired\":true,\"valueName\":\"search_term_string\"}}],\"inLanguage\":\"en-US\"}]}<\/script>\n<!-- \/ Yoast SEO plugin. -->","yoast_head_json":{"title":"Blog - Biologon","robots":{"index":"index","follow":"follow","max-snippet":"max-snippet:-1","max-image-preview":"max-image-preview:large","max-video-preview":"max-video-preview:-1"},"canonical":"https:\/\/biologon.at\/en\/blog\/","og_locale":"en_US","og_type":"article","og_title":"Blog - Biologon","og_description":"[vc_row][vc_column width=&#8221;3\/4&#8243;][\/vc_column][\/vc_row]","og_url":"https:\/\/biologon.at\/en\/blog\/","og_site_name":"Biologon","twitter_card":"summary_large_image","schema":{"@context":"https:\/\/schema.org","@graph":[{"@type":"WebPage","@id":"https:\/\/biologon.at\/en\/blog\/","url":"https:\/\/biologon.at\/en\/blog\/","name":"Blog - Biologon","isPartOf":{"@id":"https:\/\/biologon.at\/#website"},"datePublished":"2021-03-02T11:38:50+00:00","breadcrumb":{"@id":"https:\/\/biologon.at\/en\/blog\/#breadcrumb"},"inLanguage":"en-US","potentialAction":[{"@type":"ReadAction","target":["https:\/\/biologon.at\/en\/blog\/"]}]},{"@type":"BreadcrumbList","@id":"https:\/\/biologon.at\/en\/blog\/#breadcrumb","itemListElement":[{"@type":"ListItem","position":1,"name":"Startseite","item":"https:\/\/biologon.at\/"},{"@type":"ListItem","position":2,"name":"Blog"}]},{"@type":"WebSite","@id":"https:\/\/biologon.at\/#website","url":"https:\/\/biologon.at\/","name":"Biologon","description":"Biologische Proudkte","potentialAction":[{"@type":"SearchAction","target":{"@type":"EntryPoint","urlTemplate":"https:\/\/biologon.at\/?s={search_term_string}"},"query-input":{"@type":"PropertyValueSpecification","valueRequired":true,"valueName":"search_term_string"}}],"inLanguage":"en-US"}]}},"_links":{"self":[{"href":"https:\/\/biologon.at\/en\/wp-json\/wp\/v2\/pages\/6647","targetHints":{"allow":["GET"]}}],"collection":[{"href":"https:\/\/biologon.at\/en\/wp-json\/wp\/v2\/pages"}],"about":[{"href":"https:\/\/biologon.at\/en\/wp-json\/wp\/v2\/types\/page"}],"author":[{"embeddable":true,"href":"https:\/\/biologon.at\/en\/wp-json\/wp\/v2\/users\/5"}],"replies":[{"embeddable":true,"href":"https:\/\/biologon.at\/en\/wp-json\/wp\/v2\/comments?post=6647"}],"version-history":[{"count":1,"href":"https:\/\/biologon.at\/en\/wp-json\/wp\/v2\/pages\/6647\/revisions"}],"predecessor-version":[{"id":6648,"href":"https:\/\/biologon.at\/en\/wp-json\/wp\/v2\/pages\/6647\/revisions\/6648"}],"wp:attachment":[{"href":"https:\/\/biologon.at\/en\/wp-json\/wp\/v2\/media?parent=6647"}],"curies":[{"name":"wp","href":"https:\/\/api.w.org\/{rel}","templated":true}]}}